{"id":130,"date":"2023-06-26T14:16:09","date_gmt":"2023-06-26T12:16:09","guid":{"rendered":"https:\/\/wjsysc2024.com\/transports\/"},"modified":"2023-10-15T04:48:39","modified_gmt":"2023-10-15T02:48:39","slug":"transports","status":"publish","type":"page","link":"https:\/\/wjsysc2024.com\/en\/transports\/","title":{"rendered":"Transports"},"content":{"rendered":"\n<p><strong>Transfer from airport and\/or hotels to ice skating rink<\/strong><\/p>\n\n\n\n<p>Teams who need transfers from the airport to the hotels or who would like to organise visits can contact :<\/p>\n\n\n\n<figure class=\"wp-block-image aligncenter size-full\"><img loading=\"lazy\" decoding=\"async\" width=\"662\" height=\"383\" src=\"https:\/\/wjsysc2024.com\/wp-content\/uploads\/2023\/10\/Jean-Louis-Voyage-001-3.jpg\" alt=\"\" class=\"wp-image-575\" srcset=\"https:\/\/wjsysc2024.com\/wp-content\/uploads\/2023\/10\/Jean-Louis-Voyage-001-3.jpg 662w, https:\/\/wjsysc2024.com\/wp-content\/uploads\/2023\/10\/Jean-Louis-Voyage-001-3-300x174.jpg 300w\" sizes=\"auto, (max-width: 662px) 100vw, 662px\" \/><figcaption class=\"wp-element-caption\"><a href=\"mailto:info@jeanlouisvoyages.ch\">info@jeanlouisvoyages.ch<\/a><br \/><br \/><a href=\"https:\/\/jeanlouis-voyages.ch\">https:\/\/jeanlouis-voyages.ch<\/a><\/figcaption><\/figure>\n\n\n\n<div data-wp-interactive=\"core\/file\" class=\"wp-block-file aligncenter\"><object data-wp-bind--hidden=\"!state.hasPdfPreview\" hidden class=\"wp-block-file__embed\" data=\"https:\/\/wjsysc2024.com\/wp-content\/uploads\/2023\/07\/Tarifs-EN.pdf\" type=\"application\/pdf\" style=\"width:100%;height:600px\" aria-label=\"Embed of Tarifs-EN.\"><\/object><a id=\"wp-block-file--media-aee729f4-2aa4-4063-b787-e8fc024ecb38\" href=\"https:\/\/wjsysc2024.com\/wp-content\/uploads\/2023\/07\/Tarifs-EN.pdf\">Tarifs-EN<\/a><a href=\"https:\/\/wjsysc2024.com\/wp-content\/uploads\/2023\/07\/Tarifs-EN.pdf\" class=\"wp-block-file__button wp-element-button\" download aria-describedby=\"wp-block-file--media-aee729f4-2aa4-4063-b787-e8fc024ecb38\">T\u00e9l\u00e9charger<\/a><\/div>\n\n\n\n<p><strong>Neuch\u00e2tel Tourist-Card<\/strong><\/p>\n\n\n\n<h4 class=\"wp-block-heading\">YOUR ADVANTAGES WITH THE NEUCH\u00c2TEL TOURIST CARD<\/h4>\n\n\n\n<p>The Neuch\u00e2tel Tourist Card is a free pass that allows each visitor (adults and children) staying at least one night in a hotel, bed and breakfast, holiday apartment &amp; home, group accommodation or camping in the Neuch\u00e2tel canton to benefit for free during their whole stay from:<\/p>\n\n\n\n<ul class=\"wp-block-list\">\n<li>the&nbsp;public transport system of Neuch\u00e2tel canton (train, funicular and&nbsp;bus)<\/li>\n\n\n\n<li>an entry to 28&nbsp;museums in the canton<\/li>\n\n\n\n<li>a cruise on lakes Neuch\u00e2tel (<a href=\"https:\/\/www.navig.ch\/horaire.php\" target=\"_blank\" rel=\"noreferrer noopener\">South and North shore promenade<\/a>, tour no. 102\/103\/104\/105\/202\/203\/206\/208) and des&nbsp;<a href=\"http:\/\/www.nlb.ch\/index.php\/fr\/horaires-tarifs-taxibus\" target=\"_blank\" rel=\"noreferrer noopener\">Brenets<\/a><\/li>\n\n\n\n<li>a 1 day bicycle rental in&nbsp;<a href=\"http:\/\/www.j3l.ch\/P46767\" target=\"_blank\" rel=\"noreferrer noopener\">Neuch\u00e2tel&nbsp;<\/a>or&nbsp;<a href=\"http:\/\/www.j3l.ch\/P46769\" target=\"_blank\" rel=\"noreferrer noopener\">Le&nbsp;Locle<\/a><\/li>\n\n\n\n<li>a ride on the chairlift Buttes-La Robella<\/li>\n<\/ul>\n\n\n\n<p>For more information, visit the Neuch\u00e2tel Tourist website :&nbsp;<a href=\"https:\/\/www.j3l.ch\/fr\/Z10779\/neuchatel-tourist-card-page\">https:\/\/www.j3l.ch\/fr\/Z10779\/neuchatel-tourist-card-page<\/a><\/p>\n","protected":false},"excerpt":{"rendered":"<p>Transfer from airport and\/or hotels to ice skating rink Teams who need transfers from the airport to the hotels or who would like to organise visits can contact : Neuch\u00e2tel Tourist-Card YOUR ADVANTAGES WITH THE NEUCH\u00c2TEL TOURIST CARD The Neuch\u00e2tel Tourist Card is a free pass that allows each visitor (adults and children) staying at [&hellip;]<\/p>\n","protected":false},"author":1,"featured_media":0,"parent":0,"menu_order":0,"comment_status":"closed","ping_status":"closed","template":"","meta":{"_acf_changed":false,"footnotes":""},"class_list":["post-130","page","type-page","status-publish","hentry"],"acf":[],"yoast_head":"<!-- This site is optimized with the Yoast SEO plugin v24.1 - https:\/\/yoast.com\/wordpress\/plugins\/seo\/ -->\n<title>Transports &#8211; Championnat du monde junior de patinage synchronis\u00e9 2024<\/title>\n<meta name=\"robots\" content=\"index, follow, max-snippet:-1, max-image-preview:large, max-video-preview:-1\" \/>\n<link rel=\"canonical\" href=\"https:\/\/wjsysc2024.com\/en\/transports\/\" \/>\n<meta property=\"og:locale\" content=\"en_US\" \/>\n<meta property=\"og:type\" content=\"article\" \/>\n<meta property=\"og:title\" content=\"Transports &#8211; Championnat du monde junior de patinage synchronis\u00e9 2024\" \/>\n<meta property=\"og:description\" content=\"Transfer from airport and\/or hotels to ice skating rink Teams who need transfers from the airport to the hotels or who would like to organise visits can contact : Neuch\u00e2tel Tourist-Card YOUR ADVANTAGES WITH THE NEUCH\u00c2TEL TOURIST CARD The Neuch\u00e2tel Tourist Card is a free pass that allows each visitor (adults and children) staying at [&hellip;]\" \/>\n<meta property=\"og:url\" content=\"https:\/\/wjsysc2024.com\/en\/transports\/\" \/>\n<meta property=\"og:site_name\" content=\"Championnat du monde junior de patinage synchronis\u00e9 2024\" \/>\n<meta property=\"article:publisher\" content=\"https:\/\/www.facebook.com\/neuchateltrophy\" \/>\n<meta property=\"article:modified_time\" content=\"2023-10-15T02:48:39+00:00\" \/>\n<meta property=\"og:image\" content=\"https:\/\/wjsysc2024.com\/wp-content\/uploads\/2023\/10\/Jean-Louis-Voyage-001-3.jpg\" \/>\n<meta name=\"twitter:card\" content=\"summary_large_image\" \/>\n<meta name=\"twitter:label1\" content=\"Est. reading time\" \/>\n\t<meta name=\"twitter:data1\" content=\"1 minute\" \/>\n<script type=\"application\/ld+json\" class=\"yoast-schema-graph\">{\"@context\":\"https:\/\/schema.org\",\"@graph\":[{\"@type\":\"WebPage\",\"@id\":\"https:\/\/wjsysc2024.com\/en\/transports\/\",\"url\":\"https:\/\/wjsysc2024.com\/en\/transports\/\",\"name\":\"Transports &#8211; Championnat du monde junior de patinage synchronis\u00e9 2024\",\"isPartOf\":{\"@id\":\"https:\/\/wjsysc2024.com\/en\/#website\"},\"primaryImageOfPage\":{\"@id\":\"https:\/\/wjsysc2024.com\/en\/transports\/#primaryimage\"},\"image\":{\"@id\":\"https:\/\/wjsysc2024.com\/en\/transports\/#primaryimage\"},\"thumbnailUrl\":\"https:\/\/wjsysc2024.com\/wp-content\/uploads\/2023\/10\/Jean-Louis-Voyage-001-3.jpg\",\"datePublished\":\"2023-06-26T12:16:09+00:00\",\"dateModified\":\"2023-10-15T02:48:39+00:00\",\"breadcrumb\":{\"@id\":\"https:\/\/wjsysc2024.com\/en\/transports\/#breadcrumb\"},\"inLanguage\":\"en-US\",\"potentialAction\":[{\"@type\":\"ReadAction\",\"target\":[\"https:\/\/wjsysc2024.com\/en\/transports\/\"]}]},{\"@type\":\"ImageObject\",\"inLanguage\":\"en-US\",\"@id\":\"https:\/\/wjsysc2024.com\/en\/transports\/#primaryimage\",\"url\":\"https:\/\/wjsysc2024.com\/wp-content\/uploads\/2023\/10\/Jean-Louis-Voyage-001-3.jpg\",\"contentUrl\":\"https:\/\/wjsysc2024.com\/wp-content\/uploads\/2023\/10\/Jean-Louis-Voyage-001-3.jpg\"},{\"@type\":\"BreadcrumbList\",\"@id\":\"https:\/\/wjsysc2024.com\/en\/transports\/#breadcrumb\",\"itemListElement\":[{\"@type\":\"ListItem\",\"position\":1,\"name\":\"Accueil\",\"item\":\"https:\/\/wjsysc2024.com\/en\/\"},{\"@type\":\"ListItem\",\"position\":2,\"name\":\"Transports\"}]},{\"@type\":\"WebSite\",\"@id\":\"https:\/\/wjsysc2024.com\/en\/#website\",\"url\":\"https:\/\/wjsysc2024.com\/en\/\",\"name\":\"Championnat du monde junior de patinage synchronis\u00e9 2024\",\"description\":\"\",\"publisher\":{\"@id\":\"https:\/\/wjsysc2024.com\/en\/#organization\"},\"potentialAction\":[{\"@type\":\"SearchAction\",\"target\":{\"@type\":\"EntryPoint\",\"urlTemplate\":\"https:\/\/wjsysc2024.com\/en\/?s={search_term_string}\"},\"query-input\":{\"@type\":\"PropertyValueSpecification\",\"valueRequired\":true,\"valueName\":\"search_term_string\"}}],\"inLanguage\":\"en-US\"},{\"@type\":\"Organization\",\"@id\":\"https:\/\/wjsysc2024.com\/en\/#organization\",\"name\":\"Championnat du monde junior de patinage synchronis\u00e9 2024\",\"url\":\"https:\/\/wjsysc2024.com\/en\/\",\"logo\":{\"@type\":\"ImageObject\",\"inLanguage\":\"en-US\",\"@id\":\"https:\/\/wjsysc2024.com\/en\/#\/schema\/logo\/image\/\",\"url\":\"https:\/\/wjsysc2024.com\/wp-content\/uploads\/2023\/06\/Logo_NTV2024_horizontal_RVB.png\",\"contentUrl\":\"https:\/\/wjsysc2024.com\/wp-content\/uploads\/2023\/06\/Logo_NTV2024_horizontal_RVB.png\",\"width\":1480,\"height\":1010,\"caption\":\"Championnat du monde junior de patinage synchronis\u00e9 2024\"},\"image\":{\"@id\":\"https:\/\/wjsysc2024.com\/en\/#\/schema\/logo\/image\/\"},\"sameAs\":[\"https:\/\/www.facebook.com\/neuchateltrophy\",\"https:\/\/www.instagram.com\/wjsysc2024\/\"]}]}<\/script>\n<!-- \/ Yoast SEO plugin. -->","yoast_head_json":{"title":"Transports &#8211; Championnat du monde junior de patinage synchronis\u00e9 2024","robots":{"index":"index","follow":"follow","max-snippet":"max-snippet:-1","max-image-preview":"max-image-preview:large","max-video-preview":"max-video-preview:-1"},"canonical":"https:\/\/wjsysc2024.com\/en\/transports\/","og_locale":"en_US","og_type":"article","og_title":"Transports &#8211; Championnat du monde junior de patinage synchronis\u00e9 2024","og_description":"Transfer from airport and\/or hotels to ice skating rink Teams who need transfers from the airport to the hotels or who would like to organise visits can contact : Neuch\u00e2tel Tourist-Card YOUR ADVANTAGES WITH THE NEUCH\u00c2TEL TOURIST CARD The Neuch\u00e2tel Tourist Card is a free pass that allows each visitor (adults and children) staying at [&hellip;]","og_url":"https:\/\/wjsysc2024.com\/en\/transports\/","og_site_name":"Championnat du monde junior de patinage synchronis\u00e9 2024","article_publisher":"https:\/\/www.facebook.com\/neuchateltrophy","article_modified_time":"2023-10-15T02:48:39+00:00","og_image":[{"url":"https:\/\/wjsysc2024.com\/wp-content\/uploads\/2023\/10\/Jean-Louis-Voyage-001-3.jpg","type":"","width":"","height":""}],"twitter_card":"summary_large_image","twitter_misc":{"Est. reading time":"1 minute"},"schema":{"@context":"https:\/\/schema.org","@graph":[{"@type":"WebPage","@id":"https:\/\/wjsysc2024.com\/en\/transports\/","url":"https:\/\/wjsysc2024.com\/en\/transports\/","name":"Transports &#8211; Championnat du monde junior de patinage synchronis\u00e9 2024","isPartOf":{"@id":"https:\/\/wjsysc2024.com\/en\/#website"},"primaryImageOfPage":{"@id":"https:\/\/wjsysc2024.com\/en\/transports\/#primaryimage"},"image":{"@id":"https:\/\/wjsysc2024.com\/en\/transports\/#primaryimage"},"thumbnailUrl":"https:\/\/wjsysc2024.com\/wp-content\/uploads\/2023\/10\/Jean-Louis-Voyage-001-3.jpg","datePublished":"2023-06-26T12:16:09+00:00","dateModified":"2023-10-15T02:48:39+00:00","breadcrumb":{"@id":"https:\/\/wjsysc2024.com\/en\/transports\/#breadcrumb"},"inLanguage":"en-US","potentialAction":[{"@type":"ReadAction","target":["https:\/\/wjsysc2024.com\/en\/transports\/"]}]},{"@type":"ImageObject","inLanguage":"en-US","@id":"https:\/\/wjsysc2024.com\/en\/transports\/#primaryimage","url":"https:\/\/wjsysc2024.com\/wp-content\/uploads\/2023\/10\/Jean-Louis-Voyage-001-3.jpg","contentUrl":"https:\/\/wjsysc2024.com\/wp-content\/uploads\/2023\/10\/Jean-Louis-Voyage-001-3.jpg"},{"@type":"BreadcrumbList","@id":"https:\/\/wjsysc2024.com\/en\/transports\/#breadcrumb","itemListElement":[{"@type":"ListItem","position":1,"name":"Accueil","item":"https:\/\/wjsysc2024.com\/en\/"},{"@type":"ListItem","position":2,"name":"Transports"}]},{"@type":"WebSite","@id":"https:\/\/wjsysc2024.com\/en\/#website","url":"https:\/\/wjsysc2024.com\/en\/","name":"Championnat du monde junior de patinage synchronis\u00e9 2024","description":"","publisher":{"@id":"https:\/\/wjsysc2024.com\/en\/#organization"},"potentialAction":[{"@type":"SearchAction","target":{"@type":"EntryPoint","urlTemplate":"https:\/\/wjsysc2024.com\/en\/?s={search_term_string}"},"query-input":{"@type":"PropertyValueSpecification","valueRequired":true,"valueName":"search_term_string"}}],"inLanguage":"en-US"},{"@type":"Organization","@id":"https:\/\/wjsysc2024.com\/en\/#organization","name":"Championnat du monde junior de patinage synchronis\u00e9 2024","url":"https:\/\/wjsysc2024.com\/en\/","logo":{"@type":"ImageObject","inLanguage":"en-US","@id":"https:\/\/wjsysc2024.com\/en\/#\/schema\/logo\/image\/","url":"https:\/\/wjsysc2024.com\/wp-content\/uploads\/2023\/06\/Logo_NTV2024_horizontal_RVB.png","contentUrl":"https:\/\/wjsysc2024.com\/wp-content\/uploads\/2023\/06\/Logo_NTV2024_horizontal_RVB.png","width":1480,"height":1010,"caption":"Championnat du monde junior de patinage synchronis\u00e9 2024"},"image":{"@id":"https:\/\/wjsysc2024.com\/en\/#\/schema\/logo\/image\/"},"sameAs":["https:\/\/www.facebook.com\/neuchateltrophy","https:\/\/www.instagram.com\/wjsysc2024\/"]}]}},"_links":{"self":[{"href":"https:\/\/wjsysc2024.com\/en\/wp-json\/wp\/v2\/pages\/130","targetHints":{"allow":["GET"]}}],"collection":[{"href":"https:\/\/wjsysc2024.com\/en\/wp-json\/wp\/v2\/pages"}],"about":[{"href":"https:\/\/wjsysc2024.com\/en\/wp-json\/wp\/v2\/types\/page"}],"author":[{"embeddable":true,"href":"https:\/\/wjsysc2024.com\/en\/wp-json\/wp\/v2\/users\/1"}],"replies":[{"embeddable":true,"href":"https:\/\/wjsysc2024.com\/en\/wp-json\/wp\/v2\/comments?post=130"}],"version-history":[{"count":8,"href":"https:\/\/wjsysc2024.com\/en\/wp-json\/wp\/v2\/pages\/130\/revisions"}],"predecessor-version":[{"id":579,"href":"https:\/\/wjsysc2024.com\/en\/wp-json\/wp\/v2\/pages\/130\/revisions\/579"}],"wp:attachment":[{"href":"https:\/\/wjsysc2024.com\/en\/wp-json\/wp\/v2\/media?parent=130"}],"curies":[{"name":"wp","href":"https:\/\/api.w.org\/{rel}","templated":true}]}}