{"id":129,"date":"2023-06-15T17:25:49","date_gmt":"2023-06-15T15:25:49","guid":{"rendered":"https:\/\/wjsysc2024.com\/neuchatel\/"},"modified":"2023-08-22T11:09:49","modified_gmt":"2023-08-22T09:09:49","slug":"neuchatel","status":"publish","type":"page","link":"https:\/\/wjsysc2024.com\/en\/neuchatel\/","title":{"rendered":"Neuch\u00e2tel"},"content":{"rendered":"\n<figure class=\"wp-block-image aligncenter size-large\"><img loading=\"lazy\" decoding=\"async\" width=\"1024\" height=\"685\" src=\"https:\/\/wjsysc2024.com\/wp-content\/uploads\/2023\/06\/neuchatel-chateau-hiver-1024x685.jpg\" alt=\"\" class=\"wp-image-33\" srcset=\"https:\/\/wjsysc2024.com\/wp-content\/uploads\/2023\/06\/neuchatel-chateau-hiver-1024x685.jpg 1024w, https:\/\/wjsysc2024.com\/wp-content\/uploads\/2023\/06\/neuchatel-chateau-hiver-300x201.jpg 300w, https:\/\/wjsysc2024.com\/wp-content\/uploads\/2023\/06\/neuchatel-chateau-hiver-768x514.jpg 768w, https:\/\/wjsysc2024.com\/wp-content\/uploads\/2023\/06\/neuchatel-chateau-hiver-1536x1028.jpg 1536w, https:\/\/wjsysc2024.com\/wp-content\/uploads\/2023\/06\/neuchatel-chateau-hiver-600x400.jpg 600w, https:\/\/wjsysc2024.com\/wp-content\/uploads\/2023\/06\/neuchatel-chateau-hiver.jpg 1920w\" sizes=\"auto, (max-width: 1024px) 100vw, 1024px\" \/><\/figure>\n\n\n\n<p><strong>Informations about the city of Neuch\u00e2tel:&nbsp;<\/strong><\/p>\n\n\n\n<p><a href=\"https:\/\/www.neuchatelville.ch\/fr\/sortir-et-decouvrir\/visiter-neuchatel\/nos-idees-de-visites\/\">https:\/\/www.neuchatelville.ch\/fr\/sortir-et-decouvrir\/visiter-neuchatel\/nos-idees-de-visites\/<\/a><\/p>\n\n\n\n<figure class=\"wp-block-image\"><a href=\"https:\/\/www.neuchatelville.ch\/fr\/\"><img decoding=\"async\" src=\"https:\/\/www.neuchatelville.ch\/typo3conf\/ext\/neuchatelville_skin\/Resources\/Public\/Media\/Header\/logo-vdn-header-2021.png\" alt=\"\"\/><\/a><\/figure>\n\n\n\n<h4 class=\"wp-block-heading\" id=\"informations-about-the-neuchatel-region\">Informations about the Neuch\u00e2tel region:<\/h4>\n\n\n\n<p>Find possibilities to discover the beautiful region of Neuch\u00e2tel :<\/p>\n\n\n\n<p><a href=\"https:\/\/www.j3l.ch\/fr\/Z10503\/brochures?regionFilters[]=0\">https:\/\/www.j3l.ch\/fr\/Z10503\/brochures?regionFilters[]=0<\/a><\/p>\n","protected":false},"excerpt":{"rendered":"<p>Informations about the city of Neuch\u00e2tel:&nbsp; https:\/\/www.neuchatelville.ch\/fr\/sortir-et-decouvrir\/visiter-neuchatel\/nos-idees-de-visites\/ Informations about the Neuch\u00e2tel region: Find possibilities to discover the beautiful region of Neuch\u00e2tel : https:\/\/www.j3l.ch\/fr\/Z10503\/brochures?regionFilters[]=0<\/p>\n","protected":false},"author":1,"featured_media":0,"parent":0,"menu_order":0,"comment_status":"closed","ping_status":"closed","template":"","meta":{"_acf_changed":false,"footnotes":""},"class_list":["post-129","page","type-page","status-publish","hentry"],"acf":[],"yoast_head":"<!-- This site is optimized with the Yoast SEO plugin v24.1 - https:\/\/yoast.com\/wordpress\/plugins\/seo\/ -->\n<title>Neuch\u00e2tel &#8211; Championnat du monde junior de patinage synchronis\u00e9 2024<\/title>\n<meta name=\"robots\" content=\"index, follow, max-snippet:-1, max-image-preview:large, max-video-preview:-1\" \/>\n<link rel=\"canonical\" href=\"https:\/\/wjsysc2024.com\/en\/neuchatel\/\" \/>\n<meta property=\"og:locale\" content=\"en_US\" \/>\n<meta property=\"og:type\" content=\"article\" \/>\n<meta property=\"og:title\" content=\"Neuch\u00e2tel &#8211; Championnat du monde junior de patinage synchronis\u00e9 2024\" \/>\n<meta property=\"og:description\" content=\"Informations about the city of Neuch\u00e2tel:&nbsp; https:\/\/www.neuchatelville.ch\/fr\/sortir-et-decouvrir\/visiter-neuchatel\/nos-idees-de-visites\/ Informations about the Neuch\u00e2tel region: Find possibilities to discover the beautiful region of Neuch\u00e2tel : https:\/\/www.j3l.ch\/fr\/Z10503\/brochures?regionFilters[]=0\" \/>\n<meta property=\"og:url\" content=\"https:\/\/wjsysc2024.com\/en\/neuchatel\/\" \/>\n<meta property=\"og:site_name\" content=\"Championnat du monde junior de patinage synchronis\u00e9 2024\" \/>\n<meta property=\"article:publisher\" content=\"https:\/\/www.facebook.com\/neuchateltrophy\" \/>\n<meta property=\"article:modified_time\" content=\"2023-08-22T09:09:49+00:00\" \/>\n<meta property=\"og:image\" content=\"https:\/\/wjsysc2024.com\/wp-content\/uploads\/2023\/06\/neuchatel-chateau-hiver-1024x685.jpg\" \/>\n<meta name=\"twitter:card\" content=\"summary_large_image\" \/>\n<script type=\"application\/ld+json\" class=\"yoast-schema-graph\">{\"@context\":\"https:\/\/schema.org\",\"@graph\":[{\"@type\":\"WebPage\",\"@id\":\"https:\/\/wjsysc2024.com\/en\/neuchatel\/\",\"url\":\"https:\/\/wjsysc2024.com\/en\/neuchatel\/\",\"name\":\"Neuch\u00e2tel &#8211; Championnat du monde junior de patinage synchronis\u00e9 2024\",\"isPartOf\":{\"@id\":\"https:\/\/wjsysc2024.com\/en\/#website\"},\"primaryImageOfPage\":{\"@id\":\"https:\/\/wjsysc2024.com\/en\/neuchatel\/#primaryimage\"},\"image\":{\"@id\":\"https:\/\/wjsysc2024.com\/en\/neuchatel\/#primaryimage\"},\"thumbnailUrl\":\"https:\/\/wjsysc2024.com\/wp-content\/uploads\/2023\/06\/neuchatel-chateau-hiver-1024x685.jpg\",\"datePublished\":\"2023-06-15T15:25:49+00:00\",\"dateModified\":\"2023-08-22T09:09:49+00:00\",\"breadcrumb\":{\"@id\":\"https:\/\/wjsysc2024.com\/en\/neuchatel\/#breadcrumb\"},\"inLanguage\":\"en-US\",\"potentialAction\":[{\"@type\":\"ReadAction\",\"target\":[\"https:\/\/wjsysc2024.com\/en\/neuchatel\/\"]}]},{\"@type\":\"ImageObject\",\"inLanguage\":\"en-US\",\"@id\":\"https:\/\/wjsysc2024.com\/en\/neuchatel\/#primaryimage\",\"url\":\"https:\/\/wjsysc2024.com\/wp-content\/uploads\/2023\/06\/neuchatel-chateau-hiver-1024x685.jpg\",\"contentUrl\":\"https:\/\/wjsysc2024.com\/wp-content\/uploads\/2023\/06\/neuchatel-chateau-hiver-1024x685.jpg\"},{\"@type\":\"BreadcrumbList\",\"@id\":\"https:\/\/wjsysc2024.com\/en\/neuchatel\/#breadcrumb\",\"itemListElement\":[{\"@type\":\"ListItem\",\"position\":1,\"name\":\"Accueil\",\"item\":\"https:\/\/wjsysc2024.com\/en\/\"},{\"@type\":\"ListItem\",\"position\":2,\"name\":\"Neuch\u00e2tel\"}]},{\"@type\":\"WebSite\",\"@id\":\"https:\/\/wjsysc2024.com\/en\/#website\",\"url\":\"https:\/\/wjsysc2024.com\/en\/\",\"name\":\"Championnat du monde junior de patinage synchronis\u00e9 2024\",\"description\":\"\",\"publisher\":{\"@id\":\"https:\/\/wjsysc2024.com\/en\/#organization\"},\"potentialAction\":[{\"@type\":\"SearchAction\",\"target\":{\"@type\":\"EntryPoint\",\"urlTemplate\":\"https:\/\/wjsysc2024.com\/en\/?s={search_term_string}\"},\"query-input\":{\"@type\":\"PropertyValueSpecification\",\"valueRequired\":true,\"valueName\":\"search_term_string\"}}],\"inLanguage\":\"en-US\"},{\"@type\":\"Organization\",\"@id\":\"https:\/\/wjsysc2024.com\/en\/#organization\",\"name\":\"Championnat du monde junior de patinage synchronis\u00e9 2024\",\"url\":\"https:\/\/wjsysc2024.com\/en\/\",\"logo\":{\"@type\":\"ImageObject\",\"inLanguage\":\"en-US\",\"@id\":\"https:\/\/wjsysc2024.com\/en\/#\/schema\/logo\/image\/\",\"url\":\"https:\/\/wjsysc2024.com\/wp-content\/uploads\/2023\/06\/Logo_NTV2024_horizontal_RVB.png\",\"contentUrl\":\"https:\/\/wjsysc2024.com\/wp-content\/uploads\/2023\/06\/Logo_NTV2024_horizontal_RVB.png\",\"width\":1480,\"height\":1010,\"caption\":\"Championnat du monde junior de patinage synchronis\u00e9 2024\"},\"image\":{\"@id\":\"https:\/\/wjsysc2024.com\/en\/#\/schema\/logo\/image\/\"},\"sameAs\":[\"https:\/\/www.facebook.com\/neuchateltrophy\",\"https:\/\/www.instagram.com\/wjsysc2024\/\"]}]}<\/script>\n<!-- \/ Yoast SEO plugin. -->","yoast_head_json":{"title":"Neuch\u00e2tel &#8211; Championnat du monde junior de patinage synchronis\u00e9 2024","robots":{"index":"index","follow":"follow","max-snippet":"max-snippet:-1","max-image-preview":"max-image-preview:large","max-video-preview":"max-video-preview:-1"},"canonical":"https:\/\/wjsysc2024.com\/en\/neuchatel\/","og_locale":"en_US","og_type":"article","og_title":"Neuch\u00e2tel &#8211; Championnat du monde junior de patinage synchronis\u00e9 2024","og_description":"Informations about the city of Neuch\u00e2tel:&nbsp; https:\/\/www.neuchatelville.ch\/fr\/sortir-et-decouvrir\/visiter-neuchatel\/nos-idees-de-visites\/ Informations about the Neuch\u00e2tel region: Find possibilities to discover the beautiful region of Neuch\u00e2tel : https:\/\/www.j3l.ch\/fr\/Z10503\/brochures?regionFilters[]=0","og_url":"https:\/\/wjsysc2024.com\/en\/neuchatel\/","og_site_name":"Championnat du monde junior de patinage synchronis\u00e9 2024","article_publisher":"https:\/\/www.facebook.com\/neuchateltrophy","article_modified_time":"2023-08-22T09:09:49+00:00","og_image":[{"url":"https:\/\/wjsysc2024.com\/wp-content\/uploads\/2023\/06\/neuchatel-chateau-hiver-1024x685.jpg","type":"","width":"","height":""}],"twitter_card":"summary_large_image","schema":{"@context":"https:\/\/schema.org","@graph":[{"@type":"WebPage","@id":"https:\/\/wjsysc2024.com\/en\/neuchatel\/","url":"https:\/\/wjsysc2024.com\/en\/neuchatel\/","name":"Neuch\u00e2tel &#8211; Championnat du monde junior de patinage synchronis\u00e9 2024","isPartOf":{"@id":"https:\/\/wjsysc2024.com\/en\/#website"},"primaryImageOfPage":{"@id":"https:\/\/wjsysc2024.com\/en\/neuchatel\/#primaryimage"},"image":{"@id":"https:\/\/wjsysc2024.com\/en\/neuchatel\/#primaryimage"},"thumbnailUrl":"https:\/\/wjsysc2024.com\/wp-content\/uploads\/2023\/06\/neuchatel-chateau-hiver-1024x685.jpg","datePublished":"2023-06-15T15:25:49+00:00","dateModified":"2023-08-22T09:09:49+00:00","breadcrumb":{"@id":"https:\/\/wjsysc2024.com\/en\/neuchatel\/#breadcrumb"},"inLanguage":"en-US","potentialAction":[{"@type":"ReadAction","target":["https:\/\/wjsysc2024.com\/en\/neuchatel\/"]}]},{"@type":"ImageObject","inLanguage":"en-US","@id":"https:\/\/wjsysc2024.com\/en\/neuchatel\/#primaryimage","url":"https:\/\/wjsysc2024.com\/wp-content\/uploads\/2023\/06\/neuchatel-chateau-hiver-1024x685.jpg","contentUrl":"https:\/\/wjsysc2024.com\/wp-content\/uploads\/2023\/06\/neuchatel-chateau-hiver-1024x685.jpg"},{"@type":"BreadcrumbList","@id":"https:\/\/wjsysc2024.com\/en\/neuchatel\/#breadcrumb","itemListElement":[{"@type":"ListItem","position":1,"name":"Accueil","item":"https:\/\/wjsysc2024.com\/en\/"},{"@type":"ListItem","position":2,"name":"Neuch\u00e2tel"}]},{"@type":"WebSite","@id":"https:\/\/wjsysc2024.com\/en\/#website","url":"https:\/\/wjsysc2024.com\/en\/","name":"Championnat du monde junior de patinage synchronis\u00e9 2024","description":"","publisher":{"@id":"https:\/\/wjsysc2024.com\/en\/#organization"},"potentialAction":[{"@type":"SearchAction","target":{"@type":"EntryPoint","urlTemplate":"https:\/\/wjsysc2024.com\/en\/?s={search_term_string}"},"query-input":{"@type":"PropertyValueSpecification","valueRequired":true,"valueName":"search_term_string"}}],"inLanguage":"en-US"},{"@type":"Organization","@id":"https:\/\/wjsysc2024.com\/en\/#organization","name":"Championnat du monde junior de patinage synchronis\u00e9 2024","url":"https:\/\/wjsysc2024.com\/en\/","logo":{"@type":"ImageObject","inLanguage":"en-US","@id":"https:\/\/wjsysc2024.com\/en\/#\/schema\/logo\/image\/","url":"https:\/\/wjsysc2024.com\/wp-content\/uploads\/2023\/06\/Logo_NTV2024_horizontal_RVB.png","contentUrl":"https:\/\/wjsysc2024.com\/wp-content\/uploads\/2023\/06\/Logo_NTV2024_horizontal_RVB.png","width":1480,"height":1010,"caption":"Championnat du monde junior de patinage synchronis\u00e9 2024"},"image":{"@id":"https:\/\/wjsysc2024.com\/en\/#\/schema\/logo\/image\/"},"sameAs":["https:\/\/www.facebook.com\/neuchateltrophy","https:\/\/www.instagram.com\/wjsysc2024\/"]}]}},"_links":{"self":[{"href":"https:\/\/wjsysc2024.com\/en\/wp-json\/wp\/v2\/pages\/129","targetHints":{"allow":["GET"]}}],"collection":[{"href":"https:\/\/wjsysc2024.com\/en\/wp-json\/wp\/v2\/pages"}],"about":[{"href":"https:\/\/wjsysc2024.com\/en\/wp-json\/wp\/v2\/types\/page"}],"author":[{"embeddable":true,"href":"https:\/\/wjsysc2024.com\/en\/wp-json\/wp\/v2\/users\/1"}],"replies":[{"embeddable":true,"href":"https:\/\/wjsysc2024.com\/en\/wp-json\/wp\/v2\/comments?post=129"}],"version-history":[{"count":3,"href":"https:\/\/wjsysc2024.com\/en\/wp-json\/wp\/v2\/pages\/129\/revisions"}],"predecessor-version":[{"id":371,"href":"https:\/\/wjsysc2024.com\/en\/wp-json\/wp\/v2\/pages\/129\/revisions\/371"}],"wp:attachment":[{"href":"https:\/\/wjsysc2024.com\/en\/wp-json\/wp\/v2\/media?parent=129"}],"curies":[{"name":"wp","href":"https:\/\/api.w.org\/{rel}","templated":true}]}}